{"id":124,"date":"2022-02-12T14:50:53","date_gmt":"2022-02-12T14:50:53","guid":{"rendered":"http:\/\/dynamystic.hu\/?page_id=124"},"modified":"2025-10-10T12:53:53","modified_gmt":"2025-10-10T12:53:53","slug":"alom-airedale-kennel-kolyok-alom-kolykok-puppy-kicsi","status":"publish","type":"page","link":"https:\/\/dynamystic.hu\/en\/litter-airedale-kennel-puppy-litter-puppies\/","title":{"rendered":"Litter A"},"content":{"rendered":"\r\n<p><strong>Born:<\/strong> 15.05.2021<\/p>\r\n\r\n\r\n\r\n<p><strong>Sire:<\/strong> <a href=\"http:\/\/dynamystic.hu\/?page_id=23\" target=\"_blank\" rel=\"noreferrer noopener\"><em>Syrius-Family Logan<\/em><\/a><\/p>\r\n\r\n\r\n\r\n<p><strong>Dam:<\/strong> <a href=\"http:\/\/dynamystic.hu\/?page_id=22\" target=\"_blank\" rel=\"noreferrer noopener\" data-type=\"URL\" data-id=\"http:\/\/dynamystic.hu\/?page_id=22\"><em>Simong\u00e1ti Csalog\u00e1ny At\u00e1d<\/em><\/a><\/p>\r\n\r\n\r\n\r\n<p>6 male, 1 female<\/p>\r\n\r\n\r\n\r\n<p>The first Dynamystic Airedale Terrier litter was born on May 15, 2021.<\/p>\r\n\r\n\r\n\r\n<p>We awaited the puppies\u2019 arrival with great excitement\u2014especially because they came to us after several years of unsuccessful attempts and setbacks.<\/p>\r\n\r\n\r\n\r\n<p>After the initial thrill, we quickly realised what a big undertaking this is for everyone\u2014but a sweet one. As the photo gallery below shows, our \u201clittle ones\u201d have grown into truly beautiful puppies.<\/p>\r\n\r\n\r\n\r\n<p>Please welcome them with love!<\/p>\r\n\r\n\r\n\r\n<figure class=\"wp-block-image size-full is-resized\"><img loading=\"lazy\" decoding=\"async\" class=\"wp-image-339\" src=\"http:\/\/dynamystic.hu\/wp-content\/uploads\/2022\/02\/IMG_0678-rozsaszin.jpg\" alt=\"\" width=\"591\" height=\"443\" srcset=\"https:\/\/dynamystic.hu\/wp-content\/uploads\/2022\/02\/IMG_0678-rozsaszin.jpg 591w, https:\/\/dynamystic.hu\/wp-content\/uploads\/2022\/02\/IMG_0678-rozsaszin-300x225.jpg 300w\" sizes=\"auto, (max-width: 591px) 100vw, 591px\" \/>\r\n<figcaption>Ariel<\/figcaption><\/figure>\r\n\r\n\r\n\r\n<figure class=\"wp-block-image size-full\"><img loading=\"lazy\" decoding=\"async\" width=\"591\" height=\"443\" class=\"wp-image-340\" src=\"http:\/\/dynamystic.hu\/wp-content\/uploads\/2022\/02\/IMG_0628-piros.jpg\" alt=\"\" srcset=\"https:\/\/dynamystic.hu\/wp-content\/uploads\/2022\/02\/IMG_0628-piros.jpg 591w, https:\/\/dynamystic.hu\/wp-content\/uploads\/2022\/02\/IMG_0628-piros-300x225.jpg 300w\" sizes=\"auto, (max-width: 591px) 100vw, 591px\" \/>\r\n<figcaption>Arz\u00e9n<\/figcaption><\/figure>\r\n\r\n\r\n\r\n<figure class=\"wp-block-image size-full\"><img loading=\"lazy\" decoding=\"async\" width=\"418\" height=\"625\" class=\"wp-image-342\" src=\"http:\/\/dynamystic.hu\/wp-content\/uploads\/2022\/02\/IMG_0623-barna.jpg\" alt=\"\" srcset=\"https:\/\/dynamystic.hu\/wp-content\/uploads\/2022\/02\/IMG_0623-barna.jpg 418w, https:\/\/dynamystic.hu\/wp-content\/uploads\/2022\/02\/IMG_0623-barna-201x300.jpg 201w\" sizes=\"auto, (max-width: 418px) 100vw, 418px\" \/>\r\n<figcaption>Agyar<\/figcaption><\/figure>\r\n\r\n\r\n\r\n<figure class=\"wp-block-image size-full is-resized\"><img loading=\"lazy\" decoding=\"async\" class=\"wp-image-343\" src=\"http:\/\/dynamystic.hu\/wp-content\/uploads\/2022\/02\/IMG_0654-citrom.jpg\" alt=\"\" width=\"591\" height=\"443\" srcset=\"https:\/\/dynamystic.hu\/wp-content\/uploads\/2022\/02\/IMG_0654-citrom.jpg 591w, https:\/\/dynamystic.hu\/wp-content\/uploads\/2022\/02\/IMG_0654-citrom-300x225.jpg 300w\" sizes=\"auto, (max-width: 591px) 100vw, 591px\" \/>\r\n<figcaption>Atom<\/figcaption><\/figure>\r\n\r\n\r\n\r\n<figure class=\"wp-block-image size-full\"><img loading=\"lazy\" decoding=\"async\" width=\"591\" height=\"443\" class=\"wp-image-344\" src=\"http:\/\/dynamystic.hu\/wp-content\/uploads\/2022\/02\/IMG_0643-kek.jpg\" alt=\"\" srcset=\"https:\/\/dynamystic.hu\/wp-content\/uploads\/2022\/02\/IMG_0643-kek.jpg 591w, https:\/\/dynamystic.hu\/wp-content\/uploads\/2022\/02\/IMG_0643-kek-300x225.jpg 300w\" sizes=\"auto, (max-width: 591px) 100vw, 591px\" \/>\r\n<figcaption>Ac\u00e9l<\/figcaption><\/figure>\r\n\r\n\r\n\r\n<figure class=\"wp-block-image size-full\"><img loading=\"lazy\" decoding=\"async\" width=\"591\" height=\"443\" class=\"wp-image-345\" src=\"http:\/\/dynamystic.hu\/wp-content\/uploads\/2022\/02\/IMG_0635-fekete.jpg\" alt=\"\" srcset=\"https:\/\/dynamystic.hu\/wp-content\/uploads\/2022\/02\/IMG_0635-fekete.jpg 591w, https:\/\/dynamystic.hu\/wp-content\/uploads\/2022\/02\/IMG_0635-fekete-300x225.jpg 300w\" sizes=\"auto, (max-width: 591px) 100vw, 591px\" \/>\r\n<figcaption>Apacs<\/figcaption><\/figure>\r\n\r\n\r\n\r\n<figure class=\"wp-block-image size-full\"><img loading=\"lazy\" decoding=\"async\" width=\"591\" height=\"443\" class=\"wp-image-347\" src=\"http:\/\/dynamystic.hu\/wp-content\/uploads\/2022\/02\/IMG_0666-zold.jpg\" alt=\"\" srcset=\"https:\/\/dynamystic.hu\/wp-content\/uploads\/2022\/02\/IMG_0666-zold.jpg 591w, https:\/\/dynamystic.hu\/wp-content\/uploads\/2022\/02\/IMG_0666-zold-300x225.jpg 300w\" sizes=\"auto, (max-width: 591px) 100vw, 591px\" \/>\r\n<figcaption>Avar<\/figcaption><\/figure>\r\n","protected":false},"excerpt":{"rendered":"<p>Born: 15.05.2021 Sire: Syrius-Family Logan Dam: Simong\u00e1ti Csalog\u00e1ny At\u00e1d 6 male, 1 female The first Dynamystic Airedale Terrier litter was born on May 15, 2021. We awaited the puppies\u2019 arrival with great excitement\u2014especially because they came to us after several years of unsuccessful attempts and setbacks. After the initial thrill, we quickly realised what a &hellip; <a href=\"https:\/\/dynamystic.hu\/en\/litter-airedale-kennel-puppy-litter-puppies\/\" class=\"more-link\">Continue reading <span class=\"screen-reader-text\">Litter A<\/span><\/a><\/p>\n","protected":false},"author":1,"featured_media":0,"parent":0,"menu_order":0,"comment_status":"closed","ping_status":"closed","template":"","meta":{"footnotes":""},"class_list":["post-124","page","type-page","status-publish","hentry"],"yoast_head":"<!-- This site is optimized with the Yoast SEO plugin v27.6 - https:\/\/yoast.com\/product\/yoast-seo-wordpress\/ -->\n<title>Litter A<\/title>\n<meta name=\"description\" content=\"Born: 15.05.2021 Sire: Syrius-Family Logan Dam: Simong\u00e1ti Csalog\u00e1ny At\u00e1d 6 male, 1 female The first Dynamystic Airedale Terrier litter was born on May 15, 2021. We awaited the puppies\u2019 arrival with great excitement\u2014especially because they came to us after several years of unsuccessful attempts and setbacks. After the initial thrill, we quickly realised what a&hellip;\" \/>\n<meta name=\"robots\" content=\"index, follow, max-snippet:-1, max-image-preview:large, max-video-preview:-1\" \/>\n<link rel=\"canonical\" href=\"\" \/>\n<meta property=\"og:locale\" content=\"en_GB\" \/>\n<meta property=\"og:type\" content=\"article\" \/>\n<meta property=\"og:title\" content=\"Litter A\" \/>\n<meta property=\"og:description\" content=\"Born: 15.05.2021 Sire: Syrius-Family Logan Dam: Simong\u00e1ti Csalog\u00e1ny At\u00e1d 6 male, 1 female The first Dynamystic Airedale Terrier litter was born on May 15, 2021. We awaited the puppies\u2019 arrival with great excitement\u2014especially because they came to us after several years of unsuccessful attempts and setbacks. After the initial thrill, we quickly realised what a&hellip;\" \/>\n<meta property=\"og:url\" content=\"https:\/\/dynamystic.hu\/en\/litter-airedale-kennel-puppy-litter-puppies\/\" \/>\n<meta property=\"og:site_name\" content=\"Dynamystic Airedale Terrier Kennel\" \/>\n<meta property=\"article:publisher\" content=\"https:\/\/www.facebook.com\/gabor.ale.1\" \/>\n<meta property=\"article:modified_time\" content=\"2025-10-10T12:53:53+00:00\" \/>\n<meta property=\"og:image\" content=\"http:\/\/dynamystic.hu\/wp-content\/uploads\/2022\/02\/IMG_0678-rozsaszin.jpg\" \/>\n<meta name=\"twitter:card\" content=\"summary_large_image\" \/>\n<meta name=\"twitter:label1\" content=\"Estimated reading time\" \/>\n\t<meta name=\"twitter:data1\" content=\"2 minutes\" \/>\n<script type=\"application\/ld+json\" class=\"yoast-schema-graph\">{\"@context\":\"https:\\\/\\\/schema.org\",\"@graph\":[{\"@type\":[\"Article\",\"BlogPosting\"],\"@id\":\"https:\\\/\\\/dynamystic.hu\\\/en\\\/litter-airedale-kennel-puppy-litter-puppies\\\/#article\",\"isPartOf\":{\"@id\":\"https:\\\/\\\/dynamystic.hu\\\/en\\\/litter-airedale-kennel-puppy-litter-puppies\\\/\"},\"author\":{\"name\":\"dynamystickennel@gmail.com\",\"@id\":\"https:\\\/\\\/dynamystic.hu\\\/#\\\/schema\\\/person\\\/a263d20ebe56559b5c4a8b20a8a5b2de\"},\"headline\":\"Litter A\",\"datePublished\":\"2022-02-12T14:50:53+00:00\",\"dateModified\":\"2025-10-10T12:53:53+00:00\",\"mainEntityOfPage\":{\"@id\":\"https:\\\/\\\/dynamystic.hu\\\/en\\\/litter-airedale-kennel-puppy-litter-puppies\\\/\"},\"wordCount\":115,\"publisher\":{\"@id\":\"https:\\\/\\\/dynamystic.hu\\\/#organization\"},\"image\":{\"@id\":\"https:\\\/\\\/dynamystic.hu\\\/en\\\/litter-airedale-kennel-puppy-litter-puppies\\\/#primaryimage\"},\"thumbnailUrl\":\"http:\\\/\\\/dynamystic.hu\\\/wp-content\\\/uploads\\\/2022\\\/02\\\/IMG_0678-rozsaszin.jpg\",\"inLanguage\":\"en-GB\"},{\"@type\":\"WebPage\",\"@id\":\"https:\\\/\\\/dynamystic.hu\\\/en\\\/litter-airedale-kennel-puppy-litter-puppies\\\/\",\"url\":\"https:\\\/\\\/dynamystic.hu\\\/en\\\/litter-airedale-kennel-puppy-litter-puppies\\\/\",\"name\":\"Els\u0151 airedale terrier alom kennel\u00fcnkben\",\"isPartOf\":{\"@id\":\"https:\\\/\\\/dynamystic.hu\\\/#website\"},\"primaryImageOfPage\":{\"@id\":\"https:\\\/\\\/dynamystic.hu\\\/en\\\/litter-airedale-kennel-puppy-litter-puppies\\\/#primaryimage\"},\"image\":{\"@id\":\"https:\\\/\\\/dynamystic.hu\\\/en\\\/litter-airedale-kennel-puppy-litter-puppies\\\/#primaryimage\"},\"thumbnailUrl\":\"http:\\\/\\\/dynamystic.hu\\\/wp-content\\\/uploads\\\/2022\\\/02\\\/IMG_0678-rozsaszin.jpg\",\"datePublished\":\"2022-02-12T14:50:53+00:00\",\"dateModified\":\"2025-10-10T12:53:53+00:00\",\"description\":\"Dynamystic Kennel Airedale terrier els\u0151 \\\"A\\\" alom k\u00f6lykeinek (puppy) bemutat\u00e1sa k\u00e9pekben. Fogadj\u00e1tok szeretettel \u0150ket.\",\"breadcrumb\":{\"@id\":\"https:\\\/\\\/dynamystic.hu\\\/en\\\/litter-airedale-kennel-puppy-litter-puppies\\\/#breadcrumb\"},\"inLanguage\":\"en-GB\",\"potentialAction\":[{\"@type\":\"ReadAction\",\"target\":[\"https:\\\/\\\/dynamystic.hu\\\/en\\\/litter-airedale-kennel-puppy-litter-puppies\\\/\"]}]},{\"@type\":\"ImageObject\",\"inLanguage\":\"en-GB\",\"@id\":\"https:\\\/\\\/dynamystic.hu\\\/en\\\/litter-airedale-kennel-puppy-litter-puppies\\\/#primaryimage\",\"url\":\"http:\\\/\\\/dynamystic.hu\\\/wp-content\\\/uploads\\\/2022\\\/02\\\/IMG_0678-rozsaszin.jpg\",\"contentUrl\":\"http:\\\/\\\/dynamystic.hu\\\/wp-content\\\/uploads\\\/2022\\\/02\\\/IMG_0678-rozsaszin.jpg\"},{\"@type\":\"BreadcrumbList\",\"@id\":\"https:\\\/\\\/dynamystic.hu\\\/en\\\/litter-airedale-kennel-puppy-litter-puppies\\\/#breadcrumb\",\"itemListElement\":[{\"@type\":\"ListItem\",\"position\":1,\"name\":\"Welcome!\",\"item\":\"https:\\\/\\\/dynamystic.hu\\\/\"},{\"@type\":\"ListItem\",\"position\":2,\"name\":\"Litter A\"}]},{\"@type\":\"WebSite\",\"@id\":\"https:\\\/\\\/dynamystic.hu\\\/en\\\/#website\",\"url\":\"https:\\\/\\\/dynamystic.hu\\\/en\\\/\",\"name\":\"Dynamystic Airedale Terrier Kennel\",\"description\":\"T\u00f6rzsk\u00f6nyves megb\u00edzhat\u00f3 airedale terrier teny\u00e9szet\",\"publisher\":{\"@id\":\"https:\\\/\\\/dynamystic.hu\\\/en\\\/#organization\"},\"alternateName\":\"Airedale terrier kennel elad\u00f3 k\u00f6ly\u00f6k kiskutya\",\"potentialAction\":[{\"@type\":\"SearchAction\",\"target\":{\"@type\":\"EntryPoint\",\"urlTemplate\":\"https:\\\/\\\/dynamystic.hu\\\/en\\\/?s={search_term_string}\"},\"query-input\":{\"@type\":\"PropertyValueSpecification\",\"valueRequired\":true,\"valueName\":\"search_term_string\"}}],\"inLanguage\":\"en-GB\"},{\"@type\":\"Organization\",\"@id\":\"https:\\\/\\\/dynamystic.hu\\\/en\\\/#organization\",\"name\":\"Dynamystic Airedale Terrier Kennel\",\"alternateName\":\"airedale terrier k\u00f6ly\u00f6k kiskutya kennel\",\"url\":\"https:\\\/\\\/dynamystic.hu\\\/en\\\/\",\"logo\":{\"@type\":\"ImageObject\",\"inLanguage\":\"en-GB\",\"@id\":\"https:\\\/\\\/dynamystic.hu\\\/en\\\/#\\\/schema\\\/logo\\\/image\\\/\",\"url\":\"https:\\\/\\\/dynamystic.hu\\\/wp-content\\\/uploads\\\/2022\\\/02\\\/cropped-Logo-kis-fekete-kontur-gif.gif\",\"contentUrl\":\"https:\\\/\\\/dynamystic.hu\\\/wp-content\\\/uploads\\\/2022\\\/02\\\/cropped-Logo-kis-fekete-kontur-gif.gif\",\"width\":248,\"height\":241,\"caption\":\"Dynamystic Airedale Terrier Kennel\"},\"image\":{\"@id\":\"https:\\\/\\\/dynamystic.hu\\\/en\\\/#\\\/schema\\\/logo\\\/image\\\/\"},\"sameAs\":[\"https:\\\/\\\/www.facebook.com\\\/gabor.ale.1\"]},{\"@type\":\"Person\",\"@id\":\"https:\\\/\\\/dynamystic.hu\\\/#\\\/schema\\\/person\\\/a263d20ebe56559b5c4a8b20a8a5b2de\",\"name\":\"dynamystickennel@gmail.com\",\"image\":{\"@type\":\"ImageObject\",\"inLanguage\":\"en-GB\",\"@id\":\"https:\\\/\\\/secure.gravatar.com\\\/avatar\\\/0f7e8b857deb93db86c725452b8c1901abd85cdc250e96ab57d84939beb16062?s=96&d=mm&r=g\",\"url\":\"https:\\\/\\\/secure.gravatar.com\\\/avatar\\\/0f7e8b857deb93db86c725452b8c1901abd85cdc250e96ab57d84939beb16062?s=96&d=mm&r=g\",\"contentUrl\":\"https:\\\/\\\/secure.gravatar.com\\\/avatar\\\/0f7e8b857deb93db86c725452b8c1901abd85cdc250e96ab57d84939beb16062?s=96&d=mm&r=g\",\"caption\":\"dynamystickennel@gmail.com\"},\"sameAs\":[\"http:\\\/\\\/dynamystic.hu\"],\"url\":\"https:\\\/\\\/dynamystic.hu\\\/en\\\/author\\\/dynamystickennelgmail-com\\\/\"}]}<\/script>\n<!-- \/ Yoast SEO plugin. -->","yoast_head_json":{"title":"Litter A","description":"Born: 15.05.2021 Sire: Syrius-Family Logan Dam: Simong\u00e1ti Csalog\u00e1ny At\u00e1d 6 male, 1 female The first Dynamystic Airedale Terrier litter was born on May 15, 2021. We awaited the puppies\u2019 arrival with great excitement\u2014especially because they came to us after several years of unsuccessful attempts and setbacks. After the initial thrill, we quickly realised what a&hellip;","robots":{"index":"index","follow":"follow","max-snippet":"max-snippet:-1","max-image-preview":"max-image-preview:large","max-video-preview":"max-video-preview:-1"},"canonical":"Born: 15.05.2021 Sire: Syrius-Family Logan Dam: Simong\u00e1ti Csalog\u00e1ny At\u00e1d 6 male, 1 female The first Dynamystic Airedale Terrier litter was born on May 15, 2021. We awaited the puppies\u2019 arrival with great excitement\u2014especially because they came to us after several years of unsuccessful attempts and setbacks. After the initial thrill, we quickly realised what a&hellip;","og_locale":"en_GB","og_type":"article","og_title":"Litter A","og_description":"Born: 15.05.2021 Sire: Syrius-Family Logan Dam: Simong\u00e1ti Csalog\u00e1ny At\u00e1d 6 male, 1 female The first Dynamystic Airedale Terrier litter was born on May 15, 2021. We awaited the puppies\u2019 arrival with great excitement\u2014especially because they came to us after several years of unsuccessful attempts and setbacks. After the initial thrill, we quickly realised what a&hellip;","og_url":"https:\/\/dynamystic.hu\/en\/litter-airedale-kennel-puppy-litter-puppies\/","og_site_name":"Dynamystic Airedale Terrier Kennel","article_publisher":"https:\/\/www.facebook.com\/gabor.ale.1","article_modified_time":"2025-10-10T12:53:53+00:00","og_image":[{"url":"http:\/\/dynamystic.hu\/wp-content\/uploads\/2022\/02\/IMG_0678-rozsaszin.jpg","type":"","width":"","height":""}],"twitter_card":"summary_large_image","twitter_misc":{"Estimated reading time":"2 minutes"},"schema":{"@context":"https:\/\/schema.org","@graph":[{"@type":["Article","BlogPosting"],"@id":"https:\/\/dynamystic.hu\/en\/litter-airedale-kennel-puppy-litter-puppies\/#article","isPartOf":{"@id":"https:\/\/dynamystic.hu\/en\/litter-airedale-kennel-puppy-litter-puppies\/"},"author":{"name":"dynamystickennel@gmail.com","@id":"https:\/\/dynamystic.hu\/#\/schema\/person\/a263d20ebe56559b5c4a8b20a8a5b2de"},"headline":"Litter A","datePublished":"2022-02-12T14:50:53+00:00","dateModified":"2025-10-10T12:53:53+00:00","mainEntityOfPage":{"@id":"https:\/\/dynamystic.hu\/en\/litter-airedale-kennel-puppy-litter-puppies\/"},"wordCount":115,"publisher":{"@id":"https:\/\/dynamystic.hu\/#organization"},"image":{"@id":"https:\/\/dynamystic.hu\/en\/litter-airedale-kennel-puppy-litter-puppies\/#primaryimage"},"thumbnailUrl":"http:\/\/dynamystic.hu\/wp-content\/uploads\/2022\/02\/IMG_0678-rozsaszin.jpg","inLanguage":"en-GB"},{"@type":"WebPage","@id":"https:\/\/dynamystic.hu\/en\/litter-airedale-kennel-puppy-litter-puppies\/","url":"https:\/\/dynamystic.hu\/en\/litter-airedale-kennel-puppy-litter-puppies\/","name":"Els\u0151 airedale terrier alom kennel\u00fcnkben","isPartOf":{"@id":"https:\/\/dynamystic.hu\/#website"},"primaryImageOfPage":{"@id":"https:\/\/dynamystic.hu\/en\/litter-airedale-kennel-puppy-litter-puppies\/#primaryimage"},"image":{"@id":"https:\/\/dynamystic.hu\/en\/litter-airedale-kennel-puppy-litter-puppies\/#primaryimage"},"thumbnailUrl":"http:\/\/dynamystic.hu\/wp-content\/uploads\/2022\/02\/IMG_0678-rozsaszin.jpg","datePublished":"2022-02-12T14:50:53+00:00","dateModified":"2025-10-10T12:53:53+00:00","description":"Dynamystic Kennel Airedale terrier els\u0151 \"A\" alom k\u00f6lykeinek (puppy) bemutat\u00e1sa k\u00e9pekben. Fogadj\u00e1tok szeretettel \u0150ket.","breadcrumb":{"@id":"https:\/\/dynamystic.hu\/en\/litter-airedale-kennel-puppy-litter-puppies\/#breadcrumb"},"inLanguage":"en-GB","potentialAction":[{"@type":"ReadAction","target":["https:\/\/dynamystic.hu\/en\/litter-airedale-kennel-puppy-litter-puppies\/"]}]},{"@type":"ImageObject","inLanguage":"en-GB","@id":"https:\/\/dynamystic.hu\/en\/litter-airedale-kennel-puppy-litter-puppies\/#primaryimage","url":"http:\/\/dynamystic.hu\/wp-content\/uploads\/2022\/02\/IMG_0678-rozsaszin.jpg","contentUrl":"http:\/\/dynamystic.hu\/wp-content\/uploads\/2022\/02\/IMG_0678-rozsaszin.jpg"},{"@type":"BreadcrumbList","@id":"https:\/\/dynamystic.hu\/en\/litter-airedale-kennel-puppy-litter-puppies\/#breadcrumb","itemListElement":[{"@type":"ListItem","position":1,"name":"Welcome!","item":"https:\/\/dynamystic.hu\/"},{"@type":"ListItem","position":2,"name":"Litter A"}]},{"@type":"WebSite","@id":"https:\/\/dynamystic.hu\/en\/#website","url":"https:\/\/dynamystic.hu\/en\/","name":"Dynamystic Airedale Terrier Kennel","description":"T\u00f6rzsk\u00f6nyves megb\u00edzhat\u00f3 airedale terrier teny\u00e9szet","publisher":{"@id":"https:\/\/dynamystic.hu\/en\/#organization"},"alternateName":"Airedale terrier kennel elad\u00f3 k\u00f6ly\u00f6k kiskutya","potentialAction":[{"@type":"SearchAction","target":{"@type":"EntryPoint","urlTemplate":"https:\/\/dynamystic.hu\/en\/?s={search_term_string}"},"query-input":{"@type":"PropertyValueSpecification","valueRequired":true,"valueName":"search_term_string"}}],"inLanguage":"en-GB"},{"@type":"Organization","@id":"https:\/\/dynamystic.hu\/en\/#organization","name":"Dynamystic Airedale Terrier Kennel","alternateName":"airedale terrier k\u00f6ly\u00f6k kiskutya kennel","url":"https:\/\/dynamystic.hu\/en\/","logo":{"@type":"ImageObject","inLanguage":"en-GB","@id":"https:\/\/dynamystic.hu\/en\/#\/schema\/logo\/image\/","url":"https:\/\/dynamystic.hu\/wp-content\/uploads\/2022\/02\/cropped-Logo-kis-fekete-kontur-gif.gif","contentUrl":"https:\/\/dynamystic.hu\/wp-content\/uploads\/2022\/02\/cropped-Logo-kis-fekete-kontur-gif.gif","width":248,"height":241,"caption":"Dynamystic Airedale Terrier Kennel"},"image":{"@id":"https:\/\/dynamystic.hu\/en\/#\/schema\/logo\/image\/"},"sameAs":["https:\/\/www.facebook.com\/gabor.ale.1"]},{"@type":"Person","@id":"https:\/\/dynamystic.hu\/#\/schema\/person\/a263d20ebe56559b5c4a8b20a8a5b2de","name":"dynamystickennel@gmail.com","image":{"@type":"ImageObject","inLanguage":"en-GB","@id":"https:\/\/secure.gravatar.com\/avatar\/0f7e8b857deb93db86c725452b8c1901abd85cdc250e96ab57d84939beb16062?s=96&d=mm&r=g","url":"https:\/\/secure.gravatar.com\/avatar\/0f7e8b857deb93db86c725452b8c1901abd85cdc250e96ab57d84939beb16062?s=96&d=mm&r=g","contentUrl":"https:\/\/secure.gravatar.com\/avatar\/0f7e8b857deb93db86c725452b8c1901abd85cdc250e96ab57d84939beb16062?s=96&d=mm&r=g","caption":"dynamystickennel@gmail.com"},"sameAs":["http:\/\/dynamystic.hu"],"url":"https:\/\/dynamystic.hu\/en\/author\/dynamystickennelgmail-com\/"}]}},"_links":{"self":[{"href":"https:\/\/dynamystic.hu\/en\/wp-json\/wp\/v2\/pages\/124","targetHints":{"allow":["GET"]}}],"collection":[{"href":"https:\/\/dynamystic.hu\/en\/wp-json\/wp\/v2\/pages"}],"about":[{"href":"https:\/\/dynamystic.hu\/en\/wp-json\/wp\/v2\/types\/page"}],"author":[{"embeddable":true,"href":"https:\/\/dynamystic.hu\/en\/wp-json\/wp\/v2\/users\/1"}],"replies":[{"embeddable":true,"href":"https:\/\/dynamystic.hu\/en\/wp-json\/wp\/v2\/comments?post=124"}],"version-history":[{"count":9,"href":"https:\/\/dynamystic.hu\/en\/wp-json\/wp\/v2\/pages\/124\/revisions"}],"predecessor-version":[{"id":393,"href":"https:\/\/dynamystic.hu\/en\/wp-json\/wp\/v2\/pages\/124\/revisions\/393"}],"wp:attachment":[{"href":"https:\/\/dynamystic.hu\/en\/wp-json\/wp\/v2\/media?parent=124"}],"curies":[{"name":"wp","href":"https:\/\/api.w.org\/{rel}","templated":true}]}}